{"id":955,"date":"2023-10-03T17:55:05","date_gmt":"2023-10-03T15:55:05","guid":{"rendered":"https:\/\/www.lcp-sl.com\/colaboradores\/"},"modified":"2024-03-12T13:14:26","modified_gmt":"2024-03-12T12:14:26","slug":"collaborateurs","status":"publish","type":"page","link":"https:\/\/www.lcp-sl.com\/fr\/collaborateurs\/","title":{"rendered":"Collaborateurs"},"content":{"rendered":"<p>[et_pb_section fb_built=\u00a0\u00bb1&Prime; _builder_version=\u00a0\u00bb4.22.2&Prime; _module_preset=\u00a0\u00bbdefault\u00a0\u00bb use_background_color_gradient=\u00a0\u00bbon\u00a0\u00bb background_color_gradient_direction=\u00a0\u00bb120deg\u00a0\u00bb background_color_gradient_stops=\u00a0\u00bb#406936 28%|rgba(255,255,255,0) 28%\u00a0\u00bb background_color_gradient_overlays_image=\u00a0\u00bbon\u00a0\u00bb background_image=\u00a0\u00bbhttps:\/\/www.lcp-sl.com\/wp-content\/uploads\/2023\/10\/LCP-soldadura-8700.webp\u00a0\u00bb parallax=\u00a0\u00bbon\u00a0\u00bb min_height=\u00a0\u00bb400px\u00a0\u00bb height=\u00a0\u00bb400px\u00a0\u00bb global_colors_info=\u00a0\u00bb{}\u00a0\u00bb][et_pb_row _builder_version=\u00a0\u00bb4.22.2&Prime; _module_preset=\u00a0\u00bbdefault\u00a0\u00bb positioning=\u00a0\u00bbabsolute\u00a0\u00bb position_origin_a=\u00a0\u00bbcenter_left\u00a0\u00bb horizontal_offset=\u00a0\u00bb10%\u00a0\u00bb width=\u00a0\u00bb100%\u00a0\u00bb max_width=\u00a0\u00bb100%\u00a0\u00bb global_colors_info=\u00a0\u00bb{}\u00a0\u00bb][et_pb_column type=\u00a0\u00bb4_4&Prime; _builder_version=\u00a0\u00bb4.22.2&Prime; _module_preset=\u00a0\u00bbdefault\u00a0\u00bb global_colors_info=\u00a0\u00bb{}\u00a0\u00bb][et_pb_blurb title=\u00a0\u00bbCOLLABORATEURS\u00a0\u00bb image=\u00a0\u00bbhttps:\/\/www.lcp-sl.com\/wp-content\/uploads\/2023\/10\/Laser-logo-icon-03.webp\u00a0\u00bb icon_placement=\u00a0\u00bbleft\u00a0\u00bb content_max_width=\u00a0\u00bb100%\u00a0\u00bb _builder_version=\u00a0\u00bb4.24.0&Prime; _module_preset=\u00a0\u00bbdefault\u00a0\u00bb header_font=\u00a0\u00bb|700|||||||\u00a0\u00bb header_text_color=\u00a0\u00bb#FFFFFF\u00a0\u00bb header_font_size=\u00a0\u00bb40px\u00a0\u00bb body_font=\u00a0\u00bb|300|||||||\u00a0\u00bb body_font_size=\u00a0\u00bb21px\u00a0\u00bb width=\u00a0\u00bb100%\u00a0\u00bb hover_enabled=\u00a0\u00bb0&Prime; box_shadow_style_image=\u00a0\u00bbpreset1&Prime; box_shadow_vertical_image=\u00a0\u00bb0px\u00a0\u00bb box_shadow_blur_image=\u00a0\u00bb26px\u00a0\u00bb box_shadow_spread_image=\u00a0\u00bb-5px\u00a0\u00bb box_shadow_color_image=\u00a0\u00bb#000000&Prime; global_colors_info=\u00a0\u00bb{}\u00a0\u00bb sticky_enabled=\u00a0\u00bb0&Prime;][\/et_pb_blurb][\/et_pb_column][\/et_pb_row][\/et_pb_section][et_pb_section fb_built=\u00a0\u00bb1&Prime; _builder_version=\u00a0\u00bb4.22.2&Prime; _module_preset=\u00a0\u00bbdefault\u00a0\u00bb custom_padding=\u00a0\u00bb||1px|||\u00a0\u00bb border_width_bottom=\u00a0\u00bb1px\u00a0\u00bb border_color_bottom=\u00a0\u00bb#efefef\u00a0\u00bb global_colors_info=\u00a0\u00bb{}\u00a0\u00bb][et_pb_row column_structure=\u00a0\u00bb1_2,1_2&Prime; _builder_version=\u00a0\u00bb4.22.2&Prime; _module_preset=\u00a0\u00bbdefault\u00a0\u00bb global_colors_info=\u00a0\u00bb{}\u00a0\u00bb][et_pb_column type=\u00a0\u00bb1_2&Prime; _builder_version=\u00a0\u00bb4.22.2&Prime; _module_preset=\u00a0\u00bbdefault\u00a0\u00bb global_colors_info=\u00a0\u00bb{}\u00a0\u00bb][et_pb_blurb title=\u00a0\u00bb Entreprises COLLABORATEURS\u00a0\u00bb image=\u00a0\u00bbhttps:\/\/www.lcp-sl.com\/wp-content\/uploads\/2023\/10\/Laser-logo-icon-03.webp\u00a0\u00bb icon_placement=\u00a0\u00bbleft\u00a0\u00bb content_max_width=\u00a0\u00bb100%\u00a0\u00bb _builder_version=\u00a0\u00bb4.24.0&Prime; _module_preset=\u00a0\u00bbdefault\u00a0\u00bb header_font=\u00a0\u00bb|700|||||||\u00a0\u00bb header_text_color=\u00a0\u00bbgcid-54a2d4af-3bb4-4272-b84c-17d61986476b\u00a0\u00bb header_font_size=\u00a0\u00bb27px\u00a0\u00bb body_font=\u00a0\u00bb|300|||||||\u00a0\u00bb body_font_size=\u00a0\u00bb21px\u00a0\u00bb width=\u00a0\u00bb100%\u00a0\u00bb hover_enabled=\u00a0\u00bb0&Prime; global_colors_info=\u00a0\u00bb{%22gcid-54a2d4af-3bb4-4272-b84c-17d61986476b%22:%91%22header_text_color%22%93}\u00a0\u00bb sticky_enabled=\u00a0\u00bb0&Prime;]Nous travaillons avec les leaders du march\u00e9<br \/>\n[\/et_pb_blurb][et_pb_text _builder_version=\u00a0\u00bb4.24.0&Prime; _module_preset=\u00a0\u00bbdefault\u00a0\u00bb text_font=\u00a0\u00bb|300|||||||\u00a0\u00bb hover_enabled=\u00a0\u00bb0&Prime; global_colors_info=\u00a0\u00bb{}\u00a0\u00bb sticky_enabled=\u00a0\u00bb0&Prime;]Notre vocation est de devenir votre partenaire en d\u00e9coupe laser et transformation de t\u00f4le.<\/p>\n<p>Par cons\u00e9quent, nous garantissons que le produit final que nous fournissons a \u00e9t\u00e9 fabriqu\u00e9 en utilisant les meilleurs mat\u00e9riaux et les meilleures machines disponibles sur le march\u00e9.<\/p>\n<p>Nous collaborons avec les meilleures marques, car nous pensons que seuls les meilleurs peuvent fournir le service dont nos clients ont besoin.[\/et_pb_text][\/et_pb_column][et_pb_column type=\u00a0\u00bb1_2&Prime; _builder_version=\u00a0\u00bb4.22.2&Prime; _module_preset=\u00a0\u00bbdefault\u00a0\u00bb global_colors_info=\u00a0\u00bb{}\u00a0\u00bb][et_pb_gallery gallery_ids=\u00a0\u00bb807,764&Prime; fullwidth=\u00a0\u00bbon\u00a0\u00bb _builder_version=\u00a0\u00bb4.22.2&Prime; _module_preset=\u00a0\u00bbdefault\u00a0\u00bb transform_skew=\u00a0\u00bb-10deg|0deg\u00a0\u00bb transform_skew_linked=\u00a0\u00bboff\u00a0\u00bb animation_style=\u00a0\u00bbslide\u00a0\u00bb animation_direction=\u00a0\u00bbright\u00a0\u00bb auto=\u00a0\u00bbon\u00a0\u00bb auto_speed=\u00a0\u00bb3000&Prime; border_width_right=\u00a0\u00bb37px\u00a0\u00bb border_color_right=\u00a0\u00bbgcid-54a2d4af-3bb4-4272-b84c-17d61986476b\u00a0\u00bb border_style_right=\u00a0\u00bbdouble\u00a0\u00bb global_colors_info=\u00a0\u00bb{%22gcid-54a2d4af-3bb4-4272-b84c-17d61986476b%22:%91%22border_color_right%22%93}\u00a0\u00bb][\/et_pb_gallery][\/et_pb_column][\/et_pb_row][\/et_pb_section][et_pb_section fb_built=\u00a0\u00bb1&Prime; _builder_version=\u00a0\u00bb4.22.2&Prime; _module_preset=\u00a0\u00bbdefault\u00a0\u00bb global_colors_info=\u00a0\u00bb{}\u00a0\u00bb][et_pb_row _builder_version=\u00a0\u00bb4.22.2&Prime; _module_preset=\u00a0\u00bbdefault\u00a0\u00bb width=\u00a0\u00bb90%\u00a0\u00bb max_width=\u00a0\u00bb90%\u00a0\u00bb global_colors_info=\u00a0\u00bb{}\u00a0\u00bb][et_pb_column type=\u00a0\u00bb4_4&Prime; _builder_version=\u00a0\u00bb4.22.2&Prime; _module_preset=\u00a0\u00bbdefault\u00a0\u00bb global_colors_info=\u00a0\u00bb{}\u00a0\u00bb][et_pb_text _builder_version=\u00a0\u00bb4.24.0&Prime; _module_preset=\u00a0\u00bbdefault\u00a0\u00bb text_font=\u00a0\u00bb|300|||||||\u00a0\u00bb text_font_size=\u00a0\u00bb24px\u00a0\u00bb hover_enabled=\u00a0\u00bb0&Prime; border_width_bottom=\u00a0\u00bb1px\u00a0\u00bb border_color_bottom=\u00a0\u00bbgcid-54a2d4af-3bb4-4272-b84c-17d61986476b\u00a0\u00bb global_colors_info=\u00a0\u00bb{%22gcid-54a2d4af-3bb4-4272-b84c-17d61986476b%22:%91%22border_color_bottom%22%93}\u00a0\u00bb sticky_enabled=\u00a0\u00bb0&Prime;]<\/p>\n<p style=\"text-align: center;\">R\u00c9SEAU DE COLLABORATEURS <strong><span style=\"color: #406936;\">LCP<\/span><\/strong><\/p>\n<p>[\/et_pb_text][ba_logo_grid column_count=\u00a0\u00bb10&Prime; logo_size=\u00a0\u00bb113px\u00a0\u00bb _builder_version=\u00a0\u00bb4.22.2&Prime; _module_preset=\u00a0\u00bbdefault\u00a0\u00bb global_colors_info=\u00a0\u00bb{}\u00a0\u00bb][ba_logo_grid_child logo_url=\u00a0\u00bbhttps:\/\/www.lcp-sl.com\/wp-content\/uploads\/2023\/11\/Acerinox-Logo.webp\u00a0\u00bb brand_name=\u00a0\u00bbAcerinox\u00a0\u00bb _builder_version=\u00a0\u00bb4.22.2&Prime; _module_preset=\u00a0\u00bbdefault\u00a0\u00bb global_colors_info=\u00a0\u00bb{}\u00a0\u00bb][\/ba_logo_grid_child][ba_logo_grid_child logo_url=\u00a0\u00bbhttps:\/\/www.lcp-sl.com\/wp-content\/uploads\/2023\/11\/Acinesgon-Logo.webp\u00a0\u00bb brand_name=\u00a0\u00bbAcinesgon\u00a0\u00bb _builder_version=\u00a0\u00bb4.22.2&Prime; _module_preset=\u00a0\u00bbdefault\u00a0\u00bb global_colors_info=\u00a0\u00bb{}\u00a0\u00bb][\/ba_logo_grid_child][ba_logo_grid_child logo_url=\u00a0\u00bbhttps:\/\/www.lcp-sl.com\/wp-content\/uploads\/2023\/11\/Arcelor-Logo.webp\u00a0\u00bb brand_name=\u00a0\u00bbArcelor\u00a0\u00bb _builder_version=\u00a0\u00bb4.22.2&Prime; _module_preset=\u00a0\u00bbdefault\u00a0\u00bb global_colors_info=\u00a0\u00bb{}\u00a0\u00bb][\/ba_logo_grid_child][ba_logo_grid_child logo_url=\u00a0\u00bbhttps:\/\/www.lcp-sl.com\/wp-content\/uploads\/2023\/11\/Fronius-Logo.webp\u00a0\u00bb brand_name=\u00a0\u00bbFronius\u00a0\u00bb _builder_version=\u00a0\u00bb4.22.2&Prime; _module_preset=\u00a0\u00bbdefault\u00a0\u00bb global_colors_info=\u00a0\u00bb{}\u00a0\u00bb][\/ba_logo_grid_child][ba_logo_grid_child logo_url=\u00a0\u00bbhttps:\/\/www.lcp-sl.com\/wp-content\/uploads\/2023\/11\/Aceros-ormazabal-Logo.webp\u00a0\u00bb brand_name=\u00a0\u00bbAceros ormazabal\u00a0\u00bb _builder_version=\u00a0\u00bb4.22.2&Prime; _module_preset=\u00a0\u00bbdefault\u00a0\u00bb global_colors_info=\u00a0\u00bb{}\u00a0\u00bb][\/ba_logo_grid_child][ba_logo_grid_child logo_url=\u00a0\u00bbhttps:\/\/www.lcp-sl.com\/wp-content\/uploads\/2023\/11\/Trumpf-Logo.webp\u00a0\u00bb brand_name=\u00a0\u00bbTrumpf\u00a0\u00bb _builder_version=\u00a0\u00bb4.22.2&Prime; _module_preset=\u00a0\u00bbdefault\u00a0\u00bb global_colors_info=\u00a0\u00bb{}\u00a0\u00bb][\/ba_logo_grid_child][ba_logo_grid_child logo_url=\u00a0\u00bbhttps:\/\/www.lcp-sl.com\/wp-content\/uploads\/2023\/10\/ISO-9001-LCP.webp\u00a0\u00bb brand_name=\u00a0\u00bbSGS\u00a0\u00bb _builder_version=\u00a0\u00bb4.22.2&Prime; _module_preset=\u00a0\u00bbdefault\u00a0\u00bb global_colors_info=\u00a0\u00bb{}\u00a0\u00bb][\/ba_logo_grid_child][ba_logo_grid_child logo_url=\u00a0\u00bbhttps:\/\/www.lcp-sl.com\/wp-content\/uploads\/2023\/11\/Universal-robots-logo.webp\u00a0\u00bb brand_name=\u00a0\u00bbUniversal Robots\u00a0\u00bb _builder_version=\u00a0\u00bb4.22.2&Prime; _module_preset=\u00a0\u00bbdefault\u00a0\u00bb global_colors_info=\u00a0\u00bb{}\u00a0\u00bb][\/ba_logo_grid_child][ba_logo_grid_child logo_url=\u00a0\u00bbhttps:\/\/www.lcp-sl.com\/wp-content\/uploads\/2024\/01\/hans-weber.webp\u00a0\u00bb _builder_version=\u00a0\u00bb4.22.2&Prime; _module_preset=\u00a0\u00bbdefault\u00a0\u00bb global_colors_info=\u00a0\u00bb{}\u00a0\u00bb][\/ba_logo_grid_child][ba_logo_grid_child logo_url=\u00a0\u00bbhttps:\/\/www.lcp-sl.com\/wp-content\/uploads\/2024\/01\/Broziat-Logo.webp\u00a0\u00bb brand_name=\u00a0\u00bbBroziat\u00a0\u00bb _builder_version=\u00a0\u00bb4.22.2&Prime; _module_preset=\u00a0\u00bbdefault\u00a0\u00bb global_colors_info=\u00a0\u00bb{}\u00a0\u00bb][\/ba_logo_grid_child][\/ba_logo_grid][\/et_pb_column][\/et_pb_row][\/et_pb_section][et_pb_section fb_built=\u00a0\u00bb1&Prime; _builder_version=\u00a0\u00bb4.22.2&Prime; _module_preset=\u00a0\u00bbdefault\u00a0\u00bb use_background_color_gradient=\u00a0\u00bbon\u00a0\u00bb background_color_gradient_direction=\u00a0\u00bb117deg\u00a0\u00bb background_color_gradient_stops=\u00a0\u00bbrgba(255,255,255,0) 0%|rgba(64,105,54,0.64) 0%|#406936 29%|rgba(0,0,0,0.88) 100%\u00a0\u00bb background_color_gradient_overlays_image=\u00a0\u00bbon\u00a0\u00bb background_image=\u00a0\u00bbhttps:\/\/www.lcp-sl.com\/wp-content\/uploads\/2023\/10\/LCP-Plegado-8499.webp\u00a0\u00bb parallax=\u00a0\u00bbon\u00a0\u00bb min_height=\u00a0\u00bb500px\u00a0\u00bb global_colors_info=\u00a0\u00bb{}\u00a0\u00bb][et_pb_row column_structure=\u00a0\u00bb1_2,1_2&Prime; use_custom_gutter=\u00a0\u00bbon\u00a0\u00bb gutter_width=\u00a0\u00bb2&Prime; make_equal=\u00a0\u00bbon\u00a0\u00bb _builder_version=\u00a0\u00bb4.22.2&Prime; _module_preset=\u00a0\u00bbdefault\u00a0\u00bb global_colors_info=\u00a0\u00bb{}\u00a0\u00bb][et_pb_column type=\u00a0\u00bb1_2&Prime; _builder_version=\u00a0\u00bb4.22.2&Prime; _module_preset=\u00a0\u00bbdefault\u00a0\u00bb global_colors_info=\u00a0\u00bb{}\u00a0\u00bb][et_pb_slider use_bg_overlay=\u00a0\u00bboff\u00a0\u00bb _builder_version=\u00a0\u00bb4.24.0&Prime; _module_preset=\u00a0\u00bbdefault\u00a0\u00bb min_height=\u00a0\u00bb400px\u00a0\u00bb auto=\u00a0\u00bbon\u00a0\u00bb auto_speed=\u00a0\u00bb2000&Prime; auto_ignore_hover=\u00a0\u00bbon\u00a0\u00bb hover_enabled=\u00a0\u00bb0&Prime; global_colors_info=\u00a0\u00bb{}\u00a0\u00bb sticky_enabled=\u00a0\u00bb0&Prime;][et_pb_slide heading=\u00a0\u00bbAutomobile\u00a0\u00bb use_bg_overlay=\u00a0\u00bbon\u00a0\u00bb bg_overlay_color=\u00a0\u00bbrgba(0,0,0,0.52)\u00a0\u00bb _builder_version=\u00a0\u00bb4.24.0&Prime; _module_preset=\u00a0\u00bbdefault\u00a0\u00bb background_image=\u00a0\u00bbhttps:\/\/www.lcp-sl.com\/wp-content\/uploads\/2023\/10\/Automocion-laser.webp\u00a0\u00bb background_enable_image=\u00a0\u00bbon\u00a0\u00bb hover_enabled=\u00a0\u00bb0&Prime; global_colors_info=\u00a0\u00bb{}\u00a0\u00bb sticky_transition=\u00a0\u00bbon\u00a0\u00bb sticky_enabled=\u00a0\u00bb0&Prime;][\/et_pb_slide][et_pb_slide heading=\u00a0\u00bb\u00c9lectrique\u00a0\u00bb use_bg_overlay=\u00a0\u00bbon\u00a0\u00bb bg_overlay_color=\u00a0\u00bbrgba(0,0,0,0.52)\u00a0\u00bb _builder_version=\u00a0\u00bb4.24.0&Prime; _module_preset=\u00a0\u00bbdefault\u00a0\u00bb background_image=\u00a0\u00bbhttps:\/\/www.lcp-sl.com\/wp-content\/uploads\/2023\/10\/Electrico-laser.webp\u00a0\u00bb background_enable_image=\u00a0\u00bbon\u00a0\u00bb hover_enabled=\u00a0\u00bb0&Prime; global_colors_info=\u00a0\u00bb{}\u00a0\u00bb sticky_transition=\u00a0\u00bbon\u00a0\u00bb sticky_enabled=\u00a0\u00bb0&Prime;][\/et_pb_slide][et_pb_slide heading=\u00a0\u00bbConstruction\u00a0\u00bb use_bg_overlay=\u00a0\u00bbon\u00a0\u00bb bg_overlay_color=\u00a0\u00bbrgba(0,0,0,0.52)\u00a0\u00bb _builder_version=\u00a0\u00bb4.24.0&Prime; _module_preset=\u00a0\u00bbdefault\u00a0\u00bb background_image=\u00a0\u00bbhttps:\/\/www.lcp-sl.com\/wp-content\/uploads\/2023\/10\/construccion-laser.webp\u00a0\u00bb background_enable_image=\u00a0\u00bbon\u00a0\u00bb hover_enabled=\u00a0\u00bb0&Prime; global_colors_info=\u00a0\u00bb{}\u00a0\u00bb sticky_transition=\u00a0\u00bbon\u00a0\u00bb sticky_enabled=\u00a0\u00bb0&Prime;][\/et_pb_slide][et_pb_slide heading=\u00a0\u00bbChaudronnerie\u00a0\u00bb use_bg_overlay=\u00a0\u00bbon\u00a0\u00bb bg_overlay_color=\u00a0\u00bbrgba(0,0,0,0.52)\u00a0\u00bb _builder_version=\u00a0\u00bb4.24.0&Prime; _module_preset=\u00a0\u00bbdefault\u00a0\u00bb background_image=\u00a0\u00bbhttps:\/\/www.lcp-sl.com\/wp-content\/uploads\/2023\/10\/Caldereria-laser.webp\u00a0\u00bb background_enable_image=\u00a0\u00bbon\u00a0\u00bb hover_enabled=\u00a0\u00bb0&Prime; global_colors_info=\u00a0\u00bb{}\u00a0\u00bb sticky_transition=\u00a0\u00bbon\u00a0\u00bb sticky_enabled=\u00a0\u00bb0&Prime;][\/et_pb_slide][et_pb_slide heading=\u00a0\u00bbAlimentation\u00a0\u00bb use_bg_overlay=\u00a0\u00bbon\u00a0\u00bb bg_overlay_color=\u00a0\u00bbrgba(0,0,0,0.52)\u00a0\u00bb _builder_version=\u00a0\u00bb4.24.0&Prime; _module_preset=\u00a0\u00bbdefault\u00a0\u00bb background_image=\u00a0\u00bbhttps:\/\/www.lcp-sl.com\/wp-content\/uploads\/2023\/10\/alimentacion-laser.webp\u00a0\u00bb background_enable_image=\u00a0\u00bbon\u00a0\u00bb hover_enabled=\u00a0\u00bb0&Prime; global_colors_info=\u00a0\u00bb{}\u00a0\u00bb sticky_transition=\u00a0\u00bbon\u00a0\u00bb sticky_enabled=\u00a0\u00bb0&Prime;][\/et_pb_slide][\/et_pb_slider][\/et_pb_column][et_pb_column type=\u00a0\u00bb1_2&Prime; _builder_version=\u00a0\u00bb4.22.2&Prime; _module_preset=\u00a0\u00bbdefault\u00a0\u00bb global_colors_info=\u00a0\u00bb{}\u00a0\u00bb][et_pb_text _builder_version=\u00a0\u00bb4.24.0&Prime; _module_preset=\u00a0\u00bbdefault\u00a0\u00bb text_font=\u00a0\u00bb|300|||||||\u00a0\u00bb text_text_color=\u00a0\u00bb#FFFFFF\u00a0\u00bb text_font_size=\u00a0\u00bb24px\u00a0\u00bb custom_margin=\u00a0\u00bb||20px||false|false\u00a0\u00bb hover_enabled=\u00a0\u00bb0&Prime; border_width_bottom=\u00a0\u00bb1px\u00a0\u00bb border_color_bottom=\u00a0\u00bb#FFFFFF\u00a0\u00bb global_colors_info=\u00a0\u00bb{}\u00a0\u00bb sticky_enabled=\u00a0\u00bb0&Prime;]<\/p>\n<p style=\"text-align: left;\">SECTEURS DANS LESQUELS <strong>LCP<\/strong> EST PR\u00c9SENT<\/p>\n<p>[\/et_pb_text][et_pb_text _builder_version=\u00a0\u00bb4.24.0&Prime; _module_preset=\u00a0\u00bbdefault\u00a0\u00bb text_font=\u00a0\u00bb|300|||||||\u00a0\u00bb text_text_color=\u00a0\u00bb#FFFFFF\u00a0\u00bb custom_margin=\u00a0\u00bb||30px||false|false\u00a0\u00bb hover_enabled=\u00a0\u00bb0&Prime; global_colors_info=\u00a0\u00bb{}\u00a0\u00bb sticky_enabled=\u00a0\u00bb0&Prime;]<\/p>\n<p>Chez <strong>LCP<\/strong>, entreprise sp\u00e9cialis\u00e9e dans la d\u00e9coupe laser, nous nous distinguons comme leaders dans les secteurs de l&rsquo;automobile, de l&rsquo;\u00e9lectricit\u00e9, de la construction, de la chaudronnerie industrielle et de l&rsquo;alimentaire.<\/p>\n<p>Notre exp\u00e9rience et notre pr\u00e9cision font de nous le partenaire de confiance des entreprises de divers secteurs.<\/p>\n<p>Nous disposons d\u2019une technologie de pointe et d\u2019une \u00e9quipe hautement qualifi\u00e9e pour satisfaire les besoins de nos clients dans chacun de ces secteurs.<\/p>\n<p>[\/et_pb_text][et_pb_image src=\u00a0\u00bbhttps:\/\/www.lcp-sl.com\/wp-content\/uploads\/2023\/10\/corte-laser-linea-03.webp\u00a0\u00bb title_text=\u00a0\u00bbcorte-laser-linea-03&Prime; _builder_version=\u00a0\u00bb4.22.2&Prime; _module_preset=\u00a0\u00bbdefault\u00a0\u00bb global_colors_info=\u00a0\u00bb{}\u00a0\u00bb][\/et_pb_image][\/et_pb_column][\/et_pb_row][\/et_pb_section]<\/p>\n","protected":false},"excerpt":{"rendered":"<p>Nous travaillons avec les leaders du march\u00e9 Notre vocation est de devenir votre partenaire en d\u00e9coupe laser et transformation de t\u00f4le. Par cons\u00e9quent, nous garantissons que le produit final que nous fournissons a \u00e9t\u00e9 fabriqu\u00e9 en utilisant les meilleurs mat\u00e9riaux et les meilleures machines disponibles sur le march\u00e9. Nous collaborons avec les meilleures marques, car [&hellip;]<\/p>\n","protected":false},"author":1,"featured_media":0,"parent":0,"menu_order":0,"comment_status":"closed","ping_status":"closed","template":"","meta":{"_et_pb_use_builder":"on","_et_pb_old_content":"<!-- wp:divi\/placeholder \/-->","_et_gb_content_width":"","footnotes":""},"class_list":["post-955","page","type-page","status-publish","hentry"],"yoast_head":"<!-- This site is optimized with the Yoast SEO plugin v27.5 - https:\/\/yoast.com\/product\/yoast-seo-wordpress\/ -->\n<title>Collaborateurs - LCP<\/title>\n<meta name=\"description\" content=\"Trabajamos con los l\u00edderes de mercado. Colaboramos con las mejores marcas, ya que consideramos que solo lo mejor puede dar el servicio que nuestros clientes requieren\" \/>\n<meta name=\"robots\" content=\"index, follow, max-snippet:-1, max-image-preview:large, max-video-preview:-1\" \/>\n<link rel=\"canonical\" href=\"https:\/\/www.lcp-sl.com\/fr\/collaborateurs\/\" \/>\n<meta property=\"og:locale\" content=\"fr_FR\" \/>\n<meta property=\"og:type\" content=\"article\" \/>\n<meta property=\"og:title\" content=\"Collaborateurs - LCP\" \/>\n<meta property=\"og:description\" content=\"Trabajamos con los l\u00edderes de mercado. Colaboramos con las mejores marcas, ya que consideramos que solo lo mejor puede dar el servicio que nuestros clientes requieren\" \/>\n<meta property=\"og:url\" content=\"https:\/\/www.lcp-sl.com\/fr\/collaborateurs\/\" \/>\n<meta property=\"og:site_name\" content=\"LCP\" \/>\n<meta property=\"article:modified_time\" content=\"2024-03-12T12:14:26+00:00\" \/>\n<meta name=\"twitter:card\" content=\"summary_large_image\" \/>\n<script type=\"application\/ld+json\" class=\"yoast-schema-graph\">{\"@context\":\"https:\\\/\\\/schema.org\",\"@graph\":[{\"@type\":\"WebPage\",\"@id\":\"https:\\\/\\\/www.lcp-sl.com\\\/fr\\\/collaborateurs\\\/\",\"url\":\"https:\\\/\\\/www.lcp-sl.com\\\/fr\\\/collaborateurs\\\/\",\"name\":\"Collaborateurs - LCP\",\"isPartOf\":{\"@id\":\"https:\\\/\\\/www.lcp-sl.com\\\/fr\\\/#website\"},\"datePublished\":\"2023-10-03T15:55:05+00:00\",\"dateModified\":\"2024-03-12T12:14:26+00:00\",\"description\":\"Trabajamos con los l\u00edderes de mercado. Colaboramos con las mejores marcas, ya que consideramos que solo lo mejor puede dar el servicio que nuestros clientes requieren\",\"breadcrumb\":{\"@id\":\"https:\\\/\\\/www.lcp-sl.com\\\/fr\\\/collaborateurs\\\/#breadcrumb\"},\"inLanguage\":\"fr-FR\",\"potentialAction\":[{\"@type\":\"ReadAction\",\"target\":[\"https:\\\/\\\/www.lcp-sl.com\\\/fr\\\/collaborateurs\\\/\"]}]},{\"@type\":\"BreadcrumbList\",\"@id\":\"https:\\\/\\\/www.lcp-sl.com\\\/fr\\\/collaborateurs\\\/#breadcrumb\",\"itemListElement\":[{\"@type\":\"ListItem\",\"position\":1,\"name\":\"Portada\",\"item\":\"https:\\\/\\\/www.lcp-sl.com\\\/fr\\\/\"},{\"@type\":\"ListItem\",\"position\":2,\"name\":\"Collaborateurs\"}]},{\"@type\":\"WebSite\",\"@id\":\"https:\\\/\\\/www.lcp-sl.com\\\/fr\\\/#website\",\"url\":\"https:\\\/\\\/www.lcp-sl.com\\\/fr\\\/\",\"name\":\"LCP\",\"description\":\"Corte Laser\",\"potentialAction\":[{\"@type\":\"SearchAction\",\"target\":{\"@type\":\"EntryPoint\",\"urlTemplate\":\"https:\\\/\\\/www.lcp-sl.com\\\/fr\\\/?s={search_term_string}\"},\"query-input\":{\"@type\":\"PropertyValueSpecification\",\"valueRequired\":true,\"valueName\":\"search_term_string\"}}],\"inLanguage\":\"fr-FR\"}]}<\/script>\n<!-- \/ Yoast SEO plugin. -->","yoast_head_json":{"title":"Collaborateurs - LCP","description":"Trabajamos con los l\u00edderes de mercado. Colaboramos con las mejores marcas, ya que consideramos que solo lo mejor puede dar el servicio que nuestros clientes requieren","robots":{"index":"index","follow":"follow","max-snippet":"max-snippet:-1","max-image-preview":"max-image-preview:large","max-video-preview":"max-video-preview:-1"},"canonical":"https:\/\/www.lcp-sl.com\/fr\/collaborateurs\/","og_locale":"fr_FR","og_type":"article","og_title":"Collaborateurs - LCP","og_description":"Trabajamos con los l\u00edderes de mercado. Colaboramos con las mejores marcas, ya que consideramos que solo lo mejor puede dar el servicio que nuestros clientes requieren","og_url":"https:\/\/www.lcp-sl.com\/fr\/collaborateurs\/","og_site_name":"LCP","article_modified_time":"2024-03-12T12:14:26+00:00","twitter_card":"summary_large_image","schema":{"@context":"https:\/\/schema.org","@graph":[{"@type":"WebPage","@id":"https:\/\/www.lcp-sl.com\/fr\/collaborateurs\/","url":"https:\/\/www.lcp-sl.com\/fr\/collaborateurs\/","name":"Collaborateurs - LCP","isPartOf":{"@id":"https:\/\/www.lcp-sl.com\/fr\/#website"},"datePublished":"2023-10-03T15:55:05+00:00","dateModified":"2024-03-12T12:14:26+00:00","description":"Trabajamos con los l\u00edderes de mercado. Colaboramos con las mejores marcas, ya que consideramos que solo lo mejor puede dar el servicio que nuestros clientes requieren","breadcrumb":{"@id":"https:\/\/www.lcp-sl.com\/fr\/collaborateurs\/#breadcrumb"},"inLanguage":"fr-FR","potentialAction":[{"@type":"ReadAction","target":["https:\/\/www.lcp-sl.com\/fr\/collaborateurs\/"]}]},{"@type":"BreadcrumbList","@id":"https:\/\/www.lcp-sl.com\/fr\/collaborateurs\/#breadcrumb","itemListElement":[{"@type":"ListItem","position":1,"name":"Portada","item":"https:\/\/www.lcp-sl.com\/fr\/"},{"@type":"ListItem","position":2,"name":"Collaborateurs"}]},{"@type":"WebSite","@id":"https:\/\/www.lcp-sl.com\/fr\/#website","url":"https:\/\/www.lcp-sl.com\/fr\/","name":"LCP","description":"Corte Laser","potentialAction":[{"@type":"SearchAction","target":{"@type":"EntryPoint","urlTemplate":"https:\/\/www.lcp-sl.com\/fr\/?s={search_term_string}"},"query-input":{"@type":"PropertyValueSpecification","valueRequired":true,"valueName":"search_term_string"}}],"inLanguage":"fr-FR"}]}},"_links":{"self":[{"href":"https:\/\/www.lcp-sl.com\/fr\/wp-json\/wp\/v2\/pages\/955","targetHints":{"allow":["GET"]}}],"collection":[{"href":"https:\/\/www.lcp-sl.com\/fr\/wp-json\/wp\/v2\/pages"}],"about":[{"href":"https:\/\/www.lcp-sl.com\/fr\/wp-json\/wp\/v2\/types\/page"}],"author":[{"embeddable":true,"href":"https:\/\/www.lcp-sl.com\/fr\/wp-json\/wp\/v2\/users\/1"}],"replies":[{"embeddable":true,"href":"https:\/\/www.lcp-sl.com\/fr\/wp-json\/wp\/v2\/comments?post=955"}],"version-history":[{"count":5,"href":"https:\/\/www.lcp-sl.com\/fr\/wp-json\/wp\/v2\/pages\/955\/revisions"}],"predecessor-version":[{"id":986,"href":"https:\/\/www.lcp-sl.com\/fr\/wp-json\/wp\/v2\/pages\/955\/revisions\/986"}],"wp:attachment":[{"href":"https:\/\/www.lcp-sl.com\/fr\/wp-json\/wp\/v2\/media?parent=955"}],"curies":[{"name":"wp","href":"https:\/\/api.w.org\/{rel}","templated":true}]}}