{"id":965,"date":"2023-10-16T10:16:15","date_gmt":"2023-10-16T08:16:15","guid":{"rendered":"https:\/\/www.lcp-sl.com\/politica-de-calidad\/"},"modified":"2025-06-27T07:40:14","modified_gmt":"2025-06-27T05:40:14","slug":"politique-de-qualite","status":"publish","type":"page","link":"https:\/\/www.lcp-sl.com\/fr\/politique-de-qualite\/","title":{"rendered":"Politique de Qualit\u00e9"},"content":{"rendered":"<p>[et_pb_section fb_built=\u00a0\u00bb1&Prime; _builder_version=\u00a0\u00bb4.22.2&Prime; _module_preset=\u00a0\u00bbdefault\u00a0\u00bb global_colors_info=\u00a0\u00bb{}\u00a0\u00bb][et_pb_row column_structure=\u00a0\u00bb1_2,1_2&Prime; _builder_version=\u00a0\u00bb4.22.2&Prime; _module_preset=\u00a0\u00bbdefault\u00a0\u00bb max_width=\u00a0\u00bb80%\u00a0\u00bb global_colors_info=\u00a0\u00bb{}\u00a0\u00bb][et_pb_column type=\u00a0\u00bb1_2&Prime; _builder_version=\u00a0\u00bb4.22.2&Prime; _module_preset=\u00a0\u00bbdefault\u00a0\u00bb global_colors_info=\u00a0\u00bb{}\u00a0\u00bb][et_pb_text _builder_version=\u00a0\u00bb4.24.0&Prime; _module_preset=\u00a0\u00bbdefault\u00a0\u00bb text_font=\u00a0\u00bb|300|||||||\u00a0\u00bb header_2_text_color=\u00a0\u00bbgcid-54a2d4af-3bb4-4272-b84c-17d61986476b\u00a0\u00bb border_width_bottom=\u00a0\u00bb1px\u00a0\u00bb border_color_bottom=\u00a0\u00bbgcid-54a2d4af-3bb4-4272-b84c-17d61986476b\u00a0\u00bb global_colors_info=\u00a0\u00bb{%22gcid-54a2d4af-3bb4-4272-b84c-17d61986476b%22:%91%22border_color_bottom%22,%22header_2_text_color%22%93}\u00a0\u00bb]<\/p>\n<h2>POLITIQUE DE QUALIT\u00c9<\/h2>\n<p>[\/et_pb_text][et_pb_text _builder_version=\u00a0\u00bb4.24.0&Prime; _module_preset=\u00a0\u00bbdefault\u00a0\u00bb text_font=\u00a0\u00bb|300|||||||\u00a0\u00bb global_colors_info=\u00a0\u00bb{}\u00a0\u00bb]<\/p>\n<p>LASER CUTTING PARTNERS, S.L., souhaite maintenir une politique de Qualit\u00e9 en renouvellement permanent en fonction des besoins du Syst\u00e8me et de l&rsquo;Organisation, dans le but que l&rsquo;am\u00e9lioration continue se refl\u00e8te dans l&rsquo;am\u00e9lioration de la qualit\u00e9 du produit\/service et dans une augmentation de satisfaction.de nos clients.<\/p>\n<p>La Politique de Gestion de la Qualit\u00e9 a \u00e9t\u00e9 adapt\u00e9e aux activit\u00e9s r\u00e9alis\u00e9es par LASER CUTTING PARTNERS, S.L. d\u00e9fini dans le cadre du Syst\u00e8me Qualit\u00e9 et d\u00e9velopp\u00e9 dans ses installations d&rsquo;Amorebieta-Etxano (Biscaye).<\/p>\n<p>PARTENAIRES DE COUPE LASER, S.L. Son objectif fondamental est d&rsquo;atteindre une satisfaction maximale des clients, \u00e0 travers des produits et des services qui r\u00e9pondent \u00e0 leurs exigences et attentes, avec l&rsquo;engagement de se conformer aux exigences clients, l\u00e9gales et r\u00e9glementaires applicables, et d&rsquo;am\u00e9liorer continuellement l&rsquo;efficacit\u00e9 du syst\u00e8me de gestion.<\/p>\n<p>Pour atteindre cet objectif, nous offrons l&rsquo;excellence de nos produits et services bas\u00e9s sur les exigences des normes ISO 9001:2015 et le respect des objectifs de gestion fix\u00e9s, garantissant nos services et assumant la responsabilit\u00e9 du travail effectu\u00e9. Pour atteindre ces objectifs, la direction et le personnel de notre organisation sont conscients de la n\u00e9cessit\u00e9 de\u00a0:<\/p>\n<p>\u00c9tablir et analyser le contexte de l\u2019Organisation de mani\u00e8re continue.<br \/>Comprendre et satisfaire les besoins de nos clients et des autres parties int\u00e9ress\u00e9es, en suivant les travaux du d\u00e9but \u00e0 la fin.<br \/>\u00c9tablir la gestion des processus comme moyen de g\u00e9rer les services fournis et le syst\u00e8me de gestion.<\/p>\n<p>Se conformer aux exigences l\u00e9gales et r\u00e9glementaires applicables, qu&rsquo;elles soient l\u00e9gales, contractuelles ou autres, qui nous sont applicables en raison de notre activit\u00e9.<br \/>Effectuer le travail le plus efficacement possible.<br \/>Promouvoir l\u2019am\u00e9lioration continue du d\u00e9veloppement du travail et de son contr\u00f4le.<br \/>Former, motiver et impliquer le personnel concern\u00e9 dans la gestion du syst\u00e8me qualit\u00e9<br \/>Fournir les ressources n\u00e9cessaires pour garantir la bonne performance du syst\u00e8me de gestion int\u00e9gr\u00e9 et atteindre la conformit\u00e9 du service\/produit<br \/>D\u00e9tectez rapidement les d\u00e9fauts et prenez les mesures n\u00e9cessaires pour att\u00e9nuer leurs cons\u00e9quences et \u00e9viter leur r\u00e9p\u00e9tition.<br \/>\u00c9tablir des actions et des programmes visant \u00e0 pr\u00e9venir les d\u00e9fauts\/incidents, gr\u00e2ce \u00e0 la gestion des risques.<br \/>\u00c9tablir des syst\u00e8mes pour conna\u00eetre et mesurer les besoins des clients et ainsi augmenter leur degr\u00e9 de satisfaction avec les services de LASER CUTTING PARTNERS, S.L.<\/p>\n<p>Planifier et d\u00e9velopper des activit\u00e9s pour l&rsquo;am\u00e9lioration continue des produits et des processus. En plus de planifier et d&rsquo;am\u00e9liorer nos processus, d&rsquo;approuver et de promouvoir des objectifs de qualit\u00e9 progressivement plus ambitieux et d&rsquo;identifier les domaines d&rsquo;am\u00e9lioration pour \u00eatre chaque jour plus comp\u00e9titif, dans le cadre d&rsquo;un cycle d&rsquo;am\u00e9lioration continue.<br \/>Gr\u00e2ce \u00e0 l&rsquo;am\u00e9lioration continue de tous les processus de l&rsquo;organisation, nous atteignons son objectif strat\u00e9gique, qui repose sur l&rsquo;obtention de la satisfaction de nos clients en optimisant la relation \u201cco\u00fbt\/efficacit\u00e9\u201d.<\/p>\n<p>Cette am\u00e9lioration continue s&rsquo;applique \u00e0 l&rsquo;ensemble de notre p\u00e9rim\u00e8tre d&rsquo;action, s&rsquo;appuie sur l&rsquo;organisation, la planification, l&rsquo;agilit\u00e9 et la r\u00e9activit\u00e9 et constitue le cadre d&rsquo;\u00e9tablissement et de r\u00e9vision d&rsquo;objectifs de qualit\u00e9 mesurables.<\/p>\n<p>Afin que toutes les personnes de l&rsquo;organisation (\u00e0 tous les niveaux) qui influencent la qualit\u00e9 connaissent la politique et les objectifs, les documents qui s&rsquo;appliquent \u00e0 chaque niveau dans les diff\u00e9rents emplois sont distribu\u00e9s.<\/p>\n<p>La Direction, pour sa part, assume l&rsquo;engagement et les responsabilit\u00e9s qui, dans l&rsquo;\u00e9laboration de cette politique de gestion, rel\u00e8vent de sa comp\u00e9tence.<\/p>\n<p>\u00c0 Iurreta, le 18\/05\/2022<\/p>\n<p>La Direction<\/p>\n<p>[\/et_pb_text][\/et_pb_column][et_pb_column type=\u00a0\u00bb1_2&Prime; _builder_version=\u00a0\u00bb4.22.2&Prime; _module_preset=\u00a0\u00bbdefault\u00a0\u00bb background_image=\u00a0\u00bbhttps:\/\/www.lcp-sl.com\/wp-content\/uploads\/2023\/10\/Fondo-lcp-003-scaled.webp\u00a0\u00bb parallax=\u00a0\u00bbon\u00a0\u00bb parallax_method=\u00a0\u00bboff\u00a0\u00bb global_colors_info=\u00a0\u00bb{}\u00a0\u00bb][et_pb_image src=\u00a0\u00bbhttps:\/\/www.lcp-sl.com\/wp-content\/uploads\/2023\/10\/LCP-lijado-8262.webp\u00a0\u00bb title_text=\u00a0\u00bbLCP-lijado-8262&Prime; _builder_version=\u00a0\u00bb4.22.2&Prime; _module_preset=\u00a0\u00bbdefault\u00a0\u00bb custom_margin=\u00a0\u00bb300px||300px||false|false\u00a0\u00bb animation_style=\u00a0\u00bbslide\u00a0\u00bb animation_direction=\u00a0\u00bbbottom\u00a0\u00bb border_width_top=\u00a0\u00bb13px\u00a0\u00bb border_color_top=\u00a0\u00bb#FFFFFF\u00a0\u00bb border_width_bottom=\u00a0\u00bb17px\u00a0\u00bb border_color_bottom=\u00a0\u00bb#FFFFFF\u00a0\u00bb global_colors_info=\u00a0\u00bb{}\u00a0\u00bb][\/et_pb_image][et_pb_blurb title=\u00a0\u00bbConsulter le certificat ISO 9001:2015&Prime; image=\u00a0\u00bbhttps:\/\/www.lcp-sl.com\/wp-content\/uploads\/2023\/10\/ISO-9001-LCP.webp\u00a0\u00bb image_icon_width=\u00a0\u00bb80px\u00a0\u00bb content_max_width=\u00a0\u00bb100%\u00a0\u00bb _builder_version=\u00a0\u00bb4.27.4&Prime; _module_preset=\u00a0\u00bbdefault\u00a0\u00bb background_color=\u00a0\u00bb#FFFFFF\u00a0\u00bb text_orientation=\u00a0\u00bbcenter\u00a0\u00bb width=\u00a0\u00bb100%\u00a0\u00bb module_alignment=\u00a0\u00bbcenter\u00a0\u00bb custom_margin=\u00a0\u00bb250px||||false|false\u00a0\u00bb custom_padding=\u00a0\u00bb20px||||false|false\u00a0\u00bb hover_enabled=\u00a0\u00bb0&Prime; global_colors_info=\u00a0\u00bb{}\u00a0\u00bb url=\u00a0\u00bbhttps:\/\/www.lcp-sl.com\/wp-content\/uploads\/2025\/06\/Certificado-ISO_2022.pdf\u00a0\u00bb url_new_window=\u00a0\u00bbon\u00a0\u00bb sticky_enabled=\u00a0\u00bb0&Prime;][\/et_pb_blurb][\/et_pb_column][\/et_pb_row][\/et_pb_section]<\/p>\n","protected":false},"excerpt":{"rendered":"<p>POLITIQUE DE QUALIT\u00c9LASER CUTTING PARTNERS, S.L., souhaite maintenir une politique de Qualit\u00e9 en renouvellement permanent en fonction des besoins du Syst\u00e8me et de l&rsquo;Organisation, dans le but que l&rsquo;am\u00e9lioration continue se refl\u00e8te dans l&rsquo;am\u00e9lioration de la qualit\u00e9 du produit\/service et dans une augmentation de satisfaction.de nos clients. La Politique de Gestion de la Qualit\u00e9 a [&hellip;]<\/p>\n","protected":false},"author":1,"featured_media":0,"parent":0,"menu_order":0,"comment_status":"closed","ping_status":"closed","template":"","meta":{"_et_pb_use_builder":"on","_et_pb_old_content":"","_et_gb_content_width":"","footnotes":""},"class_list":["post-965","page","type-page","status-publish","hentry"],"yoast_head":"<!-- This site is optimized with the Yoast SEO plugin v27.5 - https:\/\/yoast.com\/product\/yoast-seo-wordpress\/ -->\n<title>Politique de Qualit\u00e9 - LCP<\/title>\n<meta name=\"robots\" content=\"index, follow, max-snippet:-1, max-image-preview:large, max-video-preview:-1\" \/>\n<link rel=\"canonical\" href=\"https:\/\/www.lcp-sl.com\/fr\/politique-de-qualite\/\" \/>\n<meta property=\"og:locale\" content=\"fr_FR\" \/>\n<meta property=\"og:type\" content=\"article\" \/>\n<meta property=\"og:title\" content=\"Politique de Qualit\u00e9 - LCP\" \/>\n<meta property=\"og:description\" content=\"POLITIQUE DE QUALIT\u00c9LASER CUTTING PARTNERS, S.L., souhaite maintenir une politique de Qualit\u00e9 en renouvellement permanent en fonction des besoins du Syst\u00e8me et de l&#039;Organisation, dans le but que l&#039;am\u00e9lioration continue se refl\u00e8te dans l&#039;am\u00e9lioration de la qualit\u00e9 du produit\/service et dans une augmentation de satisfaction.de nos clients. La Politique de Gestion de la Qualit\u00e9 a [&hellip;]\" \/>\n<meta property=\"og:url\" content=\"https:\/\/www.lcp-sl.com\/fr\/politique-de-qualite\/\" \/>\n<meta property=\"og:site_name\" content=\"LCP\" \/>\n<meta property=\"article:modified_time\" content=\"2025-06-27T05:40:14+00:00\" \/>\n<meta name=\"twitter:card\" content=\"summary_large_image\" \/>\n<script type=\"application\/ld+json\" class=\"yoast-schema-graph\">{\"@context\":\"https:\\\/\\\/schema.org\",\"@graph\":[{\"@type\":\"WebPage\",\"@id\":\"https:\\\/\\\/www.lcp-sl.com\\\/fr\\\/politique-de-qualite\\\/\",\"url\":\"https:\\\/\\\/www.lcp-sl.com\\\/fr\\\/politique-de-qualite\\\/\",\"name\":\"Politique de Qualit\u00e9 - LCP\",\"isPartOf\":{\"@id\":\"https:\\\/\\\/www.lcp-sl.com\\\/fr\\\/#website\"},\"datePublished\":\"2023-10-16T08:16:15+00:00\",\"dateModified\":\"2025-06-27T05:40:14+00:00\",\"breadcrumb\":{\"@id\":\"https:\\\/\\\/www.lcp-sl.com\\\/fr\\\/politique-de-qualite\\\/#breadcrumb\"},\"inLanguage\":\"fr-FR\",\"potentialAction\":[{\"@type\":\"ReadAction\",\"target\":[\"https:\\\/\\\/www.lcp-sl.com\\\/fr\\\/politique-de-qualite\\\/\"]}]},{\"@type\":\"BreadcrumbList\",\"@id\":\"https:\\\/\\\/www.lcp-sl.com\\\/fr\\\/politique-de-qualite\\\/#breadcrumb\",\"itemListElement\":[{\"@type\":\"ListItem\",\"position\":1,\"name\":\"Portada\",\"item\":\"https:\\\/\\\/www.lcp-sl.com\\\/fr\\\/\"},{\"@type\":\"ListItem\",\"position\":2,\"name\":\"Politique de Qualit\u00e9\"}]},{\"@type\":\"WebSite\",\"@id\":\"https:\\\/\\\/www.lcp-sl.com\\\/fr\\\/#website\",\"url\":\"https:\\\/\\\/www.lcp-sl.com\\\/fr\\\/\",\"name\":\"LCP\",\"description\":\"Corte Laser\",\"potentialAction\":[{\"@type\":\"SearchAction\",\"target\":{\"@type\":\"EntryPoint\",\"urlTemplate\":\"https:\\\/\\\/www.lcp-sl.com\\\/fr\\\/?s={search_term_string}\"},\"query-input\":{\"@type\":\"PropertyValueSpecification\",\"valueRequired\":true,\"valueName\":\"search_term_string\"}}],\"inLanguage\":\"fr-FR\"}]}<\/script>\n<!-- \/ Yoast SEO plugin. -->","yoast_head_json":{"title":"Politique de Qualit\u00e9 - LCP","robots":{"index":"index","follow":"follow","max-snippet":"max-snippet:-1","max-image-preview":"max-image-preview:large","max-video-preview":"max-video-preview:-1"},"canonical":"https:\/\/www.lcp-sl.com\/fr\/politique-de-qualite\/","og_locale":"fr_FR","og_type":"article","og_title":"Politique de Qualit\u00e9 - LCP","og_description":"POLITIQUE DE QUALIT\u00c9LASER CUTTING PARTNERS, S.L., souhaite maintenir une politique de Qualit\u00e9 en renouvellement permanent en fonction des besoins du Syst\u00e8me et de l'Organisation, dans le but que l'am\u00e9lioration continue se refl\u00e8te dans l'am\u00e9lioration de la qualit\u00e9 du produit\/service et dans une augmentation de satisfaction.de nos clients. La Politique de Gestion de la Qualit\u00e9 a [&hellip;]","og_url":"https:\/\/www.lcp-sl.com\/fr\/politique-de-qualite\/","og_site_name":"LCP","article_modified_time":"2025-06-27T05:40:14+00:00","twitter_card":"summary_large_image","schema":{"@context":"https:\/\/schema.org","@graph":[{"@type":"WebPage","@id":"https:\/\/www.lcp-sl.com\/fr\/politique-de-qualite\/","url":"https:\/\/www.lcp-sl.com\/fr\/politique-de-qualite\/","name":"Politique de Qualit\u00e9 - LCP","isPartOf":{"@id":"https:\/\/www.lcp-sl.com\/fr\/#website"},"datePublished":"2023-10-16T08:16:15+00:00","dateModified":"2025-06-27T05:40:14+00:00","breadcrumb":{"@id":"https:\/\/www.lcp-sl.com\/fr\/politique-de-qualite\/#breadcrumb"},"inLanguage":"fr-FR","potentialAction":[{"@type":"ReadAction","target":["https:\/\/www.lcp-sl.com\/fr\/politique-de-qualite\/"]}]},{"@type":"BreadcrumbList","@id":"https:\/\/www.lcp-sl.com\/fr\/politique-de-qualite\/#breadcrumb","itemListElement":[{"@type":"ListItem","position":1,"name":"Portada","item":"https:\/\/www.lcp-sl.com\/fr\/"},{"@type":"ListItem","position":2,"name":"Politique de Qualit\u00e9"}]},{"@type":"WebSite","@id":"https:\/\/www.lcp-sl.com\/fr\/#website","url":"https:\/\/www.lcp-sl.com\/fr\/","name":"LCP","description":"Corte Laser","potentialAction":[{"@type":"SearchAction","target":{"@type":"EntryPoint","urlTemplate":"https:\/\/www.lcp-sl.com\/fr\/?s={search_term_string}"},"query-input":{"@type":"PropertyValueSpecification","valueRequired":true,"valueName":"search_term_string"}}],"inLanguage":"fr-FR"}]}},"_links":{"self":[{"href":"https:\/\/www.lcp-sl.com\/fr\/wp-json\/wp\/v2\/pages\/965","targetHints":{"allow":["GET"]}}],"collection":[{"href":"https:\/\/www.lcp-sl.com\/fr\/wp-json\/wp\/v2\/pages"}],"about":[{"href":"https:\/\/www.lcp-sl.com\/fr\/wp-json\/wp\/v2\/types\/page"}],"author":[{"embeddable":true,"href":"https:\/\/www.lcp-sl.com\/fr\/wp-json\/wp\/v2\/users\/1"}],"replies":[{"embeddable":true,"href":"https:\/\/www.lcp-sl.com\/fr\/wp-json\/wp\/v2\/comments?post=965"}],"version-history":[{"count":7,"href":"https:\/\/www.lcp-sl.com\/fr\/wp-json\/wp\/v2\/pages\/965\/revisions"}],"predecessor-version":[{"id":1094,"href":"https:\/\/www.lcp-sl.com\/fr\/wp-json\/wp\/v2\/pages\/965\/revisions\/1094"}],"wp:attachment":[{"href":"https:\/\/www.lcp-sl.com\/fr\/wp-json\/wp\/v2\/media?parent=965"}],"curies":[{"name":"wp","href":"https:\/\/api.w.org\/{rel}","templated":true}]}}